{"id":1948,"date":"2017-09-27T07:10:42","date_gmt":"2017-09-27T07:10:42","guid":{"rendered":"http:\/\/demo.thembay.com\/megabuy\/?page_id=1948"},"modified":"2021-02-10T03:24:27","modified_gmt":"2021-02-10T03:24:27","slug":"home","status":"publish","type":"page","link":"https:\/\/vientooffice.de\/en\/","title":{"rendered":"Home"},"content":{"rendered":"<p>[vc_row full_width=&#8221;stretch_row_content&#8221; css=&#8221;.vc_custom_1582777757559{padding-right: 35px !important;padding-bottom: 60px !important;padding-left: 35px !important;}&#8221;][vc_column offset=&#8221;vc_col-lg-6 vc_col-md-6&#8243;][vc_single_image image=&#8221;7440&#8243; img_size=&#8221;full&#8221; onclick=&#8221;custom_link&#8221; link=&#8221;https:\/\/vientooffice.de\/product-category\/moebel\/&#8221;][vc_single_image image=&#8221;7442&#8243; img_size=&#8221;full&#8221; onclick=&#8221;custom_link&#8221; link=&#8221;\/product-category\/sofa\/&#8221;][\/vc_column][vc_column offset=&#8221;vc_col-lg-6 vc_col-md-6&#8243;][vc_single_image image=&#8221;7444&#8243; img_size=&#8221;full&#8221; onclick=&#8221;custom_link&#8221; link=&#8221;https:\/\/vientooffice.de\/product-category\/buerostuehle\/&#8221;][vc_row_inner][vc_column_inner width=&#8221;1\/2&#8243;][vc_single_image image=&#8221;7446&#8243; img_size=&#8221;full&#8221; onclick=&#8221;custom_link&#8221; link=&#8221;https:\/\/vientooffice.de\/product-category\/cafe-stuhl-tisch\/&#8221;][\/vc_column_inner][vc_column_inner width=&#8221;1\/2&#8243;][vc_single_image image=&#8221;7448&#8243; img_size=&#8221;full&#8221; onclick=&#8221;custom_link&#8221; link=&#8221;https:\/\/vientooffice.de\/product-category\/arbeitsstationen\/&#8221;][\/vc_column_inner][\/vc_row_inner][\/vc_column][\/vc_row][vc_row full_width=&#8221;stretch_row&#8221; css=&#8221;.vc_custom_1529630894953{padding-top: 30px !important;padding-bottom: 60px !important;}&#8221; el_class=&#8221;h5_before&#8221;][vc_column css_animation=&#8221;fadeInUp&#8221;][tbay_productcategory title=&#8221;B\u00fcrost\u00fchle&#8221; category=&#8221;104&#8243; responsive_type=&#8221;yes&#8221;][tbay_productcategory title=&#8221;M\u00f6bel&#8221; category=&#8221;105&#8243; responsive_type=&#8221;yes&#8221;][\/vc_column][\/vc_row][vc_row css=&#8221;.vc_custom_1529630914037{margin-top: 60px !important;margin-bottom: 60px !important;}&#8221;][vc_column css_animation=&#8221;fadeInUp&#8221;][tbay_title_heading title=&#8221;Produktkategorien&#8221; style=&#8221;style1&#8243; buttons=&#8221;btn-default btn-outline&#8221; buttons2=&#8221;btn-default btn-outline&#8221; textbutton=&#8221;Alle Kategorien&#8221; linkbutton=&#8221;https:\/\/vientooffice.de\/shop\/&#8221;][tbay_furniture_custom_image_list_categories categoriestabs=&#8221;%5B%7B%22category%22%3A%22106%22%2C%22label%22%3A%22CAFE%20STUHL%20%26%20TISCH%22%2C%22images%22%3A%227450%22%7D%2C%7B%22category%22%3A%22105%22%2C%22label%22%3A%22M%C3%96BEL%22%2C%22images%22%3A%227451%22%7D%2C%7B%22category%22%3A%22104%22%2C%22label%22%3A%22B%C3%9CROST%C3%9CHLE%22%2C%22images%22%3A%227452%22%7D%2C%7B%22category%22%3A%22103%22%2C%22label%22%3A%22Sofa%22%2C%22images%22%3A%227453%22%7D%2C%7B%22category%22%3A%22117%22%2C%22label%22%3A%22ARBEITSSTATIONEN%22%2C%22images%22%3A%227454%22%7D%5D&#8221; columns=&#8221;3&#8243; rows=&#8221;1&#8243; pagi_type=&#8221;yes&#8221; responsive_type=&#8221;yes&#8221; screen_desktop=&#8221;3&#8243; screen_tablet=&#8221;2&#8243; screen_mobile=&#8221;2&#8243; el_class=&#8221;has-before&#8221;][\/vc_column][\/vc_row][vc_row css=&#8221;.vc_custom_1529630965756{margin-top: 60px !important;margin-bottom: 60px !important;}&#8221;][vc_column css_animation=&#8221;fadeInUp&#8221;][tbay_gridposts layout_type=&#8221;carousel-v2&#8243; rows=&#8221;1&#8243; nav_type=&#8221;yes&#8221; pagi_type=&#8221;yes&#8221; responsive_type=&#8221;yes&#8221; screen_desktop=&#8221;3&#8243; screen_desktopsmall=&#8221;2&#8243; screen_tablet=&#8221;2&#8243; title=&#8221;Blogeintr\u00e4ge&#8221;][\/vc_column][\/vc_row][vc_row css=&#8221;.vc_custom_1529630983731{padding-top: 60px !important;padding-bottom: 15px !important;}&#8221;][vc_column width=&#8221;1\/6&#8243;][\/vc_column][vc_column css_animation=&#8221;fadeInUp&#8221; width=&#8221;2\/3&#8243;][vc_single_image image=&#8221;7391&#8243; img_size=&#8221;500X150&#8243; alignment=&#8221;center&#8221; onclick=&#8221;custom_link&#8221; description=&#8221;Sie k\u00f6nnen sicher bei uns einkaufen und alle Kreditkarten verwenden.&#8221; link=&#8221;#&#8221; el_class=&#8221;no-effect&#8221;][vc_single_image image=&#8221;4754&#8243; img_size=&#8221;full&#8221; alignment=&#8221;center&#8221; css=&#8221;.vc_custom_1522210336316{margin-bottom: 0px !important;}&#8221;][\/vc_column][vc_column width=&#8221;1\/6&#8243;][\/vc_column][\/vc_row]<\/p>","protected":false},"excerpt":{"rendered":"<p>[vc_row full_width=&#8221;stretch_row_content&#8221; css=&#8221;.vc_custom_1582777757559{padding-right: 35px !important;padding-bottom: 60px !important;padding-left: 35px !important;}&#8221;][vc_column offset=&#8221;vc_col-lg-6 vc_col-md-6&#8243;][vc_single_image image=&#8221;7440&#8243; img_size=&#8221;full&#8221; onclick=&#8221;custom_link&#8221; link=&#8221;https:\/\/vientooffice.de\/product-category\/moebel\/&#8221;][vc_single_image image=&#8221;7442&#8243; img_size=&#8221;full&#8221; onclick=&#8221;custom_link&#8221; link=&#8221;\/product-category\/sofa\/&#8221;][\/vc_column][vc_column offset=&#8221;vc_col-lg-6 vc_col-md-6&#8243;][vc_single_image image=&#8221;7444&#8243; img_size=&#8221;full&#8221; onclick=&#8221;custom_link&#8221; link=&#8221;https:\/\/vientooffice.de\/product-category\/buerostuehle\/&#8221;][vc_row_inner][vc_column_inner width=&#8221;1\/2&#8243;][vc_single_image image=&#8221;7446&#8243; img_size=&#8221;full&#8221; onclick=&#8221;custom_link&#8221; link=&#8221;https:\/\/vientooffice.de\/product-category\/cafe-stuhl-tisch\/&#8221;][\/vc_column_inner][vc_column_inner width=&#8221;1\/2&#8243;][vc_single_image image=&#8221;7448&#8243; img_size=&#8221;full&#8221; onclick=&#8221;custom_link&#8221; link=&#8221;https:\/\/vientooffice.de\/product-category\/arbeitsstationen\/&#8221;][\/vc_column_inner][\/vc_row_inner][\/vc_column][\/vc_row][vc_row full_width=&#8221;stretch_row&#8221; css=&#8221;.vc_custom_1529630894953{padding-top: 30px !important;padding-bottom: 60px !important;}&#8221; el_class=&#8221;h5_before&#8221;][vc_column css_animation=&#8221;fadeInUp&#8221;][tbay_productcategory title=&#8221;B\u00fcrost\u00fchle&#8221; category=&#8221;104&#8243; responsive_type=&#8221;yes&#8221;][tbay_productcategory title=&#8221;M\u00f6bel&#8221; category=&#8221;105&#8243; responsive_type=&#8221;yes&#8221;][\/vc_column][\/vc_row][vc_row css=&#8221;.vc_custom_1529630914037{margin-top: 60px !important;margin-bottom: 60px !important;}&#8221;][vc_column css_animation=&#8221;fadeInUp&#8221;][tbay_title_heading &hellip; <a href=\"https:\/\/vientooffice.de\/en\/\" class=\"more-link\">Continue reading <span class=\"screen-reader-text\">Home<\/span><\/a><\/p>","protected":false},"author":1,"featured_media":0,"parent":0,"menu_order":0,"comment_status":"closed","ping_status":"closed","template":"","meta":[],"yoast_head":"\n<title>Viento Office - Offizielle Webseite - Online-Verkaufsseite<\/title>\n<meta name=\"description\" content=\"M\u00d6BEL, B\u00dcROST\u00dcHLE, SOFA, ARBEITSSTATIONEN ,CAFE STUHL &amp; TISCH Alles, was Sie bei vientoffice.de suchen - www.vientooffice.de\" \/>\n<meta name=\"robots\" content=\"index, follow, max-snippet:-1, max-image-preview:large, max-video-preview:-1\" \/>\n<link rel=\"canonical\" href=\"https:\/\/vientooffice.de\/en\/\" \/>\n<meta property=\"og:locale\" content=\"en_US\" \/>\n<meta property=\"og:type\" content=\"article\" \/>\n<meta property=\"og:title\" content=\"Viento Office - Offizielle Webseite - Online-Verkaufsseite\" \/>\n<meta property=\"og:description\" content=\"M\u00d6BEL, B\u00dcROST\u00dcHLE, SOFA, ARBEITSSTATIONEN ,CAFE STUHL &amp; TISCH Alles, was Sie bei vientoffice.de suchen - www.vientooffice.de\" \/>\n<meta property=\"og:url\" content=\"https:\/\/vientooffice.de\/en\/\" \/>\n<meta property=\"og:site_name\" content=\"Viento Office\" \/>\n<meta property=\"article:modified_time\" content=\"2021-02-10T03:24:27+00:00\" \/>\n<meta name=\"twitter:card\" content=\"summary_large_image\" \/>\n<meta name=\"twitter:label1\" content=\"Est. reading time\">\n\t<meta name=\"twitter:data1\" content=\"2 minutes\">\n<script type=\"application\/ld+json\" class=\"yoast-schema-graph\">{\"@context\":\"https:\/\/schema.org\",\"@graph\":[{\"@type\":\"WebSite\",\"@id\":\"https:\/\/vientooffice.de\/#website\",\"url\":\"https:\/\/vientooffice.de\/\",\"name\":\"Viento Office\",\"description\":\"Home Page\",\"potentialAction\":[{\"@type\":\"SearchAction\",\"target\":\"https:\/\/vientooffice.de\/?s={search_term_string}\",\"query-input\":\"required name=search_term_string\"}],\"inLanguage\":\"en-US\"},{\"@type\":\"WebPage\",\"@id\":\"https:\/\/vientooffice.de\/#webpage\",\"url\":\"https:\/\/vientooffice.de\/\",\"name\":\"Viento Office - Offizielle Webseite - Online-Verkaufsseite\",\"isPartOf\":{\"@id\":\"https:\/\/vientooffice.de\/#website\"},\"datePublished\":\"2017-09-27T07:10:42+00:00\",\"dateModified\":\"2021-02-10T03:24:27+00:00\",\"description\":\"M\\u00d6BEL, B\\u00dcROST\\u00dcHLE, SOFA, ARBEITSSTATIONEN ,CAFE STUHL & TISCH Alles, was Sie bei vientoffice.de suchen - www.vientooffice.de\",\"inLanguage\":\"en-US\",\"potentialAction\":[{\"@type\":\"ReadAction\",\"target\":[\"https:\/\/vientooffice.de\/\"]}]}]}<\/script>\n","_links":{"self":[{"href":"https:\/\/vientooffice.de\/en\/wp-json\/wp\/v2\/pages\/1948"}],"collection":[{"href":"https:\/\/vientooffice.de\/en\/wp-json\/wp\/v2\/pages"}],"about":[{"href":"https:\/\/vientooffice.de\/en\/wp-json\/wp\/v2\/types\/page"}],"author":[{"embeddable":true,"href":"https:\/\/vientooffice.de\/en\/wp-json\/wp\/v2\/users\/1"}],"replies":[{"embeddable":true,"href":"https:\/\/vientooffice.de\/en\/wp-json\/wp\/v2\/comments?post=1948"}],"version-history":[{"count":73,"href":"https:\/\/vientooffice.de\/en\/wp-json\/wp\/v2\/pages\/1948\/revisions"}],"predecessor-version":[{"id":7511,"href":"https:\/\/vientooffice.de\/en\/wp-json\/wp\/v2\/pages\/1948\/revisions\/7511"}],"wp:attachment":[{"href":"https:\/\/vientooffice.de\/en\/wp-json\/wp\/v2\/media?parent=1948"}],"curies":[{"name":"wp","href":"https:\/\/api.w.org\/{rel}","templated":true}]}}